{"id":59,"date":"2020-08-02T17:10:17","date_gmt":"2020-08-02T15:10:17","guid":{"rendered":"https:\/\/siegfried-fahl.de\/?page_id=3"},"modified":"2021-08-22T01:30:05","modified_gmt":"2021-08-21T23:30:05","slug":"datenschutzerklaerung-2","status":"publish","type":"page","link":"https:\/\/siegfried-fahl.de\/index.php\/datenschutzerklaerung-2\/","title":{"rendered":"Datenschutzerkl\u00e4rung"},"content":{"rendered":"\n<p><strong>Datenschutzerkl\u00e4rung<\/strong><br>Die nachfolgende Datenschutzerkl\u00e4rung gilt f\u00fcr die Nutzung unseres Online-Angebots unter siegfried-fahl.de (nachfolgend Website) sowie die Kontaktaufnahme \u00fcber eine der angebotenen M\u00f6glichkeiten.<\/p>\n\n\n\n<p><strong>Verantwortlicher<\/strong><br>Verantwortlicher f\u00fcr die Erhebung, Verarbeitung und Nutzung<br>Ihrer personenbezogenen Daten ist:<\/p>\n\n\n\n<p>Matthias Schmidt<br>Viktoriastr. 46<br>52351 D\u00fcren<br>Deutschland<br>Tel.: +49 2421 2639263<br>E-Mail: kontakt@schmidt-matthias.com<\/p>\n\n\n\n<p>Jegliche Art von datenschutzbezogenen Fragen, Auskunftersuchen und Widerspr\u00fcchen k\u00f6nnen Sie an den Verantwortlichen richten.<\/p>\n\n\n\n<p>Bitte nutzen Sie bevorzugt die Kontaktm\u00f6glichkeit per E-Mail,<br>um eine schnelle und f\u00fcr beide Seiten kosteng\u00fcnstige Bearbeitung<br>Ihres Anliegens zu gew\u00e4hrleisten.<\/p>\n\n\n\n<p><strong>Erhobene, verarbeitete und genutzte Daten bei Benutzung<\/strong><br><strong>der Website<\/strong><br>Beim Aufruf der Seite wird ihre aktuelle IP-Adresse zu uns \u00fcbertragen. Dies ist notwendig, um Ihnen die Website \u00fcberhaupt zur\u00fcck\u00fcbertragen und anzeigen zu k\u00f6nnen. Diese IP-Adresse ist durch Ihren im jeweiligen Moment genutzten Internet-Service-Provider oder durch andere Dienste, die Sie mit dieser IP-Adresse aufrufen, m\u00f6glicherweise Ihrer Person zuzuordnen. Diese M\u00f6glichkeit der Zuordnung haben wir in der Regel nicht.<\/p>\n\n\n\n<p>Wir nutzen diese IP-Adresse ausschlie\u00dflich, um Ihnen diese Website anzuzeigen. Eine Speicherung in Log-Dateien findet auf unserem Server nicht statt.<\/p>\n\n\n\n<p>Diese Website wird durch einen eigenen Server bereit gestellt.<br>Es findet keine Auftragsdatenverarbeitung durch Dritte statt.<\/p>\n\n\n\n<p>Rechtsgrundlage f\u00fcr Erhebung und Verarbeitung Ihrer Daten ist Artikel 6 Absatz 1 Buchstabe f) der Datenschutzgrundverordnung (DSGVO) der Europ\u00e4ischen Union [<a href=\"http:\/\/eur-lex.europa.eu\/eli\/reg\/2016\/679\/2016-05-04\">http:\/\/eur-lex.europa.eu\/eli\/reg\/2016\/679\/2016-05-04&nbsp;ACHTUNG! \u2013 Externer Link!<\/a>]. Wir haben ein berechtigtes Interesse, Ihnen die Website anzuzeigen, die Sie selbst aufgerufen haben.<\/p>\n\n\n\n<p><strong>Cookies<\/strong><br>Unsere Website verwendet keine Cookies.<\/p>\n\n\n\n<p><strong>In die Website eingebundene Dienste<\/strong><br>In unsere Website sind keine Dienste Dritter eingebunden. Wir \u00fcbermitteln keine Daten, doch Ihr Browser ruft beim Aufruf und Anzeigen unserer Website auch Daten von Services ab und \u00fcbermittelt dabei wiederum Ihre IP-Adresse und in der Regel auch die Tatsache, dass dieser Aufruf von unserer Website ausgel\u00f6st wurde (sogenannter &#8222;Referer\u201d). Die \u00dcbermittlung dieses \u201cReferers\u201d kann in den Einstellungen Ihres Browsers m\u00f6glicherweise deaktiviert werden. Konsultieren Sie hierzu bitte dessen Dokumentation.<\/p>\n\n\n\n<p>Rechtsgrundlage f\u00fcr Erhebung und Verarbeitung (sofern es eine<br>solche darstellt) ist wiederum Artikel 6 Absatz 1 Buchstabe f) der Datenschutzgrundverordnung (DSGVO) der Europ\u00e4ischen Union [<a href=\"http:\/\/eur-lex.europa.eu\/eli\/reg\/2016\/679\/2016-05-04\">http:\/\/eur-lex.europa.eu\/eli\/reg\/2016\/679\/2016-05-04&nbsp;ACHTUNG! \u2013 Externer Link!<\/a>]. Wir haben ein berechtigtes Interesse, das Aussehen und Verhalten unserer Website zu optimieren.<\/p>\n\n\n\n<p><strong>Links<\/strong><br>Auf dieser Website finden Sie m\u00f6glicherweise weitere Links auf Websites, deren Datenverarbeitung nicht von uns verantwortet wird, beispielsweise auf unsere Facebook-Seite. Wenn Sie diesen Links folgen, wird Ihre IP-Adresse und in der Regel auch die Tatsache, dass dieser Aufruf von unserer Website als vorher besuchter Website kam (sogenannter \u201cReferer\u201d), durch Ihren Browser an die verlinkte Website \u00fcbetragen. Die \u00dcbermittlung dieses \u201cReferers\u201d kann in den Einstellungen Ihres Browsers m\u00f6glicherweise deaktiviert werden. Konsultieren Sie hierzu bitte dessen Dokumentation. Au\u00dferdem k\u00f6nnen Sie den Ziel-Link kopieren und in die Adresszeile des Browsers kopieren, was die \u00dcbermittlung des Referers verhindert.<\/p>\n\n\n\n<p>Die Datenschutzerkl\u00e4rungen der verlinkten Websites sollten Sie auf diesen finden k\u00f6nnen. Hierauf haben wir jedoch keinen Einfluss und k\u00f6nnen dies nicht garantieren.<\/p>\n\n\n\n<p><strong>Erhobene, verarbeitete und genutzte Daten bei Kontaktaufnahme<\/strong><br>Wenn Sie \u00fcber eine der angebotenen M\u00f6glichkeiten mit uns in Kontakt treten, \u00fcbermitteln Sie uns dadurch selbstverst\u00e4ndlich die Daten, die in dieser Kontaktaufnahme enthalten sind, sowie eventuell weitere Daten, die durch den gew\u00e4hlten Kommunikationsweg bedingt sind.<br>Wir verwenden diese Daten, um auf Ihre Kontaktaufnahme reagieren<br>zu k\u00f6nnen, woran wir und Sie ein berechtigtes Interesse haben.<\/p>\n\n\n\n<p>Im Einzelnen werden E-Mails an mail@siegfried-fahl.de an Mail-Konten Dritter weitergeleitet, die diese in Ihren E-Mail-Systemen allein zu dem Zweck behalten, Ihre Anfrage zu bearbeiten. Wenn Sie dies nicht w\u00fcnschen, schreiben Sie bitte keine E-Mail an diese Adresse, sondern nutzen eine der anderen Kontakt-M\u00f6glichkeiten. E-Mails an kontakt@schmidt-matthias.com erh\u00e4lt nur der oben angegebene Verantwortliche. In den Verwaltungsdaten einer E-Mail sind, ohne dass wir dies beeinflussen k\u00f6nnen, eventuell weitere Daten wie Ihre beim Absenden der Mail verwendete IP-Adresse, die in Ihrem Mail-Programm eingestellte Zeitzone und weitere Angaben enthalten.<\/p>\n\n\n\n<p>Bei Kontaktaufnahme per Telefon \u00fcbermittelt Ihr Telefonanbieter, wenn Sie dies eingerichtet haben, Ihre Telefonnummer an uns. Hierauf haben wir keinen Einfluss. Wenn Sie dies nicht m\u00f6chten, deaktivieren Sie bitte die Telefonnummern-\u00dcbertragung oder nutzen Sie eine der anderen Kontakt-M\u00f6glichkeiten.<\/p>\n\n\n\n<p>Rechtsgrundlage f\u00fcr diese Erhebung und Verarbeitung ist wiederum Artikel 6 Absatz 1 Buchstabe f) der Datenschutzgrundverordnung (DSGVO) der Europ\u00e4ischen Union [<a href=\"http:\/\/eur-lex.europa.eu\/eli\/reg\/2016\/679\/2016-05-04\">http:\/\/eur-lex.europa.eu\/eli\/reg\/2016\/679\/2016-05-04&nbsp;ACHTUNG! \u2013 Externer Link!<\/a>].<br>Wir haben ein berechtigtes Interesse, auf Ihre Anfragen an uns auch antworten zu k\u00f6nnen.<\/p>\n\n\n\n<p><strong>Ihre Rechte als von Datenverarbeitung Betroffener<\/strong><br>Sie haben aufgrund der Datenschutzgrundverordnung (DSGVO) der Europ\u00e4ischen Union [<a href=\"http:\/\/eur-lex.europa.eu\/eli\/reg\/2016\/679\/2016-05-04\">http:\/\/eur-lex.europa.eu\/eli\/reg\/2016\/679\/2016-05-04&nbsp;ACHTUNG! \u2013 Externer Link!<\/a>] folgende Rechte:<\/p>\n\n\n\n<ul><li>Auskunftsrecht der betroffenen Person<\/li><li>Sie haben das Recht auf eine \u00fcbersichtliche Auskunft \u00fcber die Verarbeitung Ihrer personenbezogenen Daten. (Artikel 15 der DSGVO)<\/li><li>Recht auf Berichtigung<\/li><li>Sie haben das Recht, von uns die Berichtigung und ggf. auch Vervollst\u00e4ndigung Sie betreffender personenbezogener Daten zu verlangen (Artikel 16 der DSGVO).<\/li><li>Recht auf L\u00f6schung<\/li><li>In einer Reihe von F\u00e4llen sind wir verpflichtet, Sie betreffende personenbezogene Daten zu l\u00f6schen (Artikel 17 der DSGVO).<\/li><li>Recht auf Einschr\u00e4nkung der Verarbeitung<\/li><li>In einer Reihe von F\u00e4llen sind Sie berechtigt, von uns eine Einschr\u00e4nkung der Verarbeitung Ihrer personenbezogenen Daten zu verlangen (Artikel 18 der DSGVO).<\/li><li>Recht auf Daten\u00fcbertragbarkeit<\/li><li>Sie haben das Recht, Sie betreffende personenbezogene Daten maschinenlesbar zu erhalten, zu \u00fcbermitteln, oder von uns \u00fcbermitteln zu lasen (Artikel 20 der DSGVO).<\/li><li>Widerspruchsrecht<\/li><li>Sie haben das Recht, auch einer rechtm\u00e4\u00dfigen Verarbeitung<br>Ihrer personenbezogenen Daten durch uns zu widersprechen, wenn sich dies aus Ihrer besonderen Situation begr\u00fcndet und unsere Interessen an der Verarbeitung nicht \u00fcberwiegen (Artikel 21 der DSGVO).<\/li><li>Automatisierte Entscheidungen einschlie\u00dflich Profiling<\/li><li>Sie haben das Recht, einer ausschlie\u00dflich auf einer automatisierten Verarbeitung \u2013 einschlie\u00dflich Profiling \u2013 beruhenden Entscheidung, die Ihnen gegen\u00fcber rechtliche Wirkung entfaltet oder Sie in \u00e4hnlicher Weise erheblich beeintr\u00e4chtigt, nicht unterworfen zu werden (Artikel 22 der DSGVO). Solche Akte oder Entscheidungen finden bei uns nicht statt.<\/li><li>Recht auf Widerruf einer datenschutzrechtlichen Einwilligung<\/li><li>Sie haben das Recht, eine Einwilligung zur Verarbeitung personenbezogener Daten jederzeit zu widerrufen (Artikel 7 der DSGVO).<\/li><li>Recht auf Beschwerde bei einer Aufsichtsbeh\u00f6rde<\/li><li>Sie haben das Recht auf Beschwerde bei einer Aufsichtsbeh\u00f6rde, insbesondere im Mitgliedstaat Ihres Aufenthaltsorts, Ihres Arbeitsplatzes oder des Ortes des mutma\u00dflichen Versto\u00dfes, wenn Sie der begr\u00fcndeten Ansicht sind, die Verarbeitung der Sie betreffenden personenbezogenen Daten sei rechtswidrig (Artikel 77 der DSGVO).<\/li><\/ul>\n\n\n\n<p>Wenn Sie eines dieser Rechte wahrnehmen wollen, wenden Sie sich bitte an den oben angegebenen Verantwortlichen.<\/p>\n\n\n\n<p>Bitte nutzen Sie bevorzugt die Kontaktm\u00f6glichkeit per E-Mail,<br>um eine schnelle und f\u00fcr beide Seiten kosteng\u00fcnstige Bearbeitung<br>Ihres Anliegens zu gew\u00e4hrleisten.<\/p>\n\n\n\n<p>Da bei einem reinen Besuch unserer Website \u00fcber die Dauer<br>des Besuchs hinaus keinerlei Daten gespeichert werden, kommt<br>die Wahrnehmung dieser Rechte vor allem in Betracht, wenn Sie<br>mit uns durch eine der auf dieser Website angegebenen M\u00f6glichkeiten in Kontakt getreten sind.<\/p>\n\n\n\n<p>Die f\u00fcr uns zust\u00e4ndige Aufsichtsbeh\u00f6rde ist:<\/p>\n\n\n\n<p>Landesbeauftragte f\u00fcr Datenschutz und Informationsfreiheit<br>Nordrhein-Westfalen<br>Postfach 20 04 44<br>40102 D\u00fcsseldorf<br>Tel.: 0211\/38424-0<br>Fax: 0211\/38424-10<br>E-Mail: poststelle@ldi.nrw.de<br>Web: <a href=\"https:\/\/www.ldi.nrw.de\/\">https:\/\/www.ldi.nrw.de\/&nbsp;ACHTUNG! \u2013 Externer Link!<\/a><\/p>\n","protected":false},"excerpt":{"rendered":"<p>Datenschutzerkl\u00e4rungDie nachfolgende Datenschutzerkl\u00e4rung gilt f\u00fcr die Nutzung unseres Online-Angebots unter siegfried-fahl.de (nachfolgend Website) sowie die Kontaktaufnahme \u00fcber eine der angebotenen M\u00f6glichkeiten. VerantwortlicherVerantwortlicher f\u00fcr die Erhebung, Verarbeitung und NutzungIhrer personenbezogenen Daten ist: Matthias SchmidtViktoriastr. 4652351 D\u00fcrenDeutschlandTel.: +49 2421 2639263E-Mail: kontakt@schmidt-matthias.com Jegliche Art von datenschutzbezogenen Fragen, Auskunftersuchen und Widerspr\u00fcchen k\u00f6nnen Sie an den Verantwortlichen richten. Bitte nutzen [&hellip;]<\/p>\n","protected":false},"author":2,"featured_media":0,"parent":0,"menu_order":0,"comment_status":"closed","ping_status":"open","template":"","meta":[],"_links":{"self":[{"href":"https:\/\/siegfried-fahl.de\/index.php\/wp-json\/wp\/v2\/pages\/59"}],"collection":[{"href":"https:\/\/siegfried-fahl.de\/index.php\/wp-json\/wp\/v2\/pages"}],"about":[{"href":"https:\/\/siegfried-fahl.de\/index.php\/wp-json\/wp\/v2\/types\/page"}],"author":[{"embeddable":true,"href":"https:\/\/siegfried-fahl.de\/index.php\/wp-json\/wp\/v2\/users\/2"}],"replies":[{"embeddable":true,"href":"https:\/\/siegfried-fahl.de\/index.php\/wp-json\/wp\/v2\/comments?post=59"}],"version-history":[{"count":1,"href":"https:\/\/siegfried-fahl.de\/index.php\/wp-json\/wp\/v2\/pages\/59\/revisions"}],"predecessor-version":[{"id":121,"href":"https:\/\/siegfried-fahl.de\/index.php\/wp-json\/wp\/v2\/pages\/59\/revisions\/121"}],"wp:attachment":[{"href":"https:\/\/siegfried-fahl.de\/index.php\/wp-json\/wp\/v2\/media?parent=59"}],"curies":[{"name":"wp","href":"https:\/\/api.w.org\/{rel}","templated":true}]}}