{"id":163,"date":"2021-09-03T18:05:00","date_gmt":"2021-09-03T16:05:00","guid":{"rendered":"https:\/\/siegfried-fahl.de\/?page_id=163"},"modified":"2021-09-15T12:11:08","modified_gmt":"2021-09-15T10:11:08","slug":"siegfried-fahl","status":"publish","type":"page","link":"https:\/\/siegfried-fahl.de\/","title":{"rendered":"Siegfried Fahl"},"content":{"rendered":"\n<figure class=\"wp-block-image size-large is-resized\"><img loading=\"lazy\" src=\"https:\/\/siegfried-fahl.de\/wp-content\/uploads\/2021\/09\/2021-09-03_18-05-1024x1024.jpg\" alt=\"\" class=\"wp-image-149\" width=\"610\" height=\"610\" srcset=\"https:\/\/siegfried-fahl.de\/wp-content\/uploads\/2021\/09\/2021-09-03_18-05-1024x1024.jpg 1024w, https:\/\/siegfried-fahl.de\/wp-content\/uploads\/2021\/09\/2021-09-03_18-05-300x300.jpg 300w, https:\/\/siegfried-fahl.de\/wp-content\/uploads\/2021\/09\/2021-09-03_18-05-150x150.jpg 150w, https:\/\/siegfried-fahl.de\/wp-content\/uploads\/2021\/09\/2021-09-03_18-05-768x768.jpg 768w, https:\/\/siegfried-fahl.de\/wp-content\/uploads\/2021\/09\/2021-09-03_18-05.jpg 1063w\" sizes=\"(max-width: 610px) 100vw, 610px\" \/><\/figure>\n\n\n\n<h2 class=\"has-text-align-center\">*Nienberge 12.06.1957<br>\u271dD\u00fcren 03.09.2021<\/h2>\n\n\n\n<figure class=\"wp-block-image size-full\"><img loading=\"lazy\" width=\"826\" height=\"826\" src=\"https:\/\/siegfried-fahl.de\/wp-content\/uploads\/2021\/09\/Siggi-anzeige2.jpg\" alt=\"Wir dachten, alle Zeit der Welt zu haben, doch Dein Tod stellt uns vor viele Fragen. Unerwartet verstarb unser Freund Siggi Fahl Wir wollten mit Dir noch so viel erleben, doch viel zu kurz war daf\u00fcr Dein Leben. Wer so beliebt war im Freundeskreis, f\u00fcr keinen scheute M\u00fch\u2019 und Flei\u00df, f\u00fcr den Freundschaft und Geben das Wichtigste waren in seinem Leben, f\u00fcr den gibt es niemals mehr Ersatz, auf ewig bleibt nun leer Dein Platz. Wir k\u00f6nnen Dir nur noch eines geben, einen Platz im Herzen, f\u00fcrs ganze Leben. Wir vermissen Dich. Das KOMM-Team, Freundinnen und Freunde verabschieden sich am 9.10.2021 ab 19:00 Uhr im KOMM\" class=\"wp-image-185\" srcset=\"https:\/\/siegfried-fahl.de\/wp-content\/uploads\/2021\/09\/Siggi-anzeige2.jpg 826w, https:\/\/siegfried-fahl.de\/wp-content\/uploads\/2021\/09\/Siggi-anzeige2-300x300.jpg 300w, https:\/\/siegfried-fahl.de\/wp-content\/uploads\/2021\/09\/Siggi-anzeige2-150x150.jpg 150w, https:\/\/siegfried-fahl.de\/wp-content\/uploads\/2021\/09\/Siggi-anzeige2-768x768.jpg 768w\" sizes=\"(max-width: 826px) 100vw, 826px\" \/><\/figure>\n\n\n\n<figure class=\"wp-block-image size-full\"><img loading=\"lazy\" width=\"925\" height=\"875\" src=\"https:\/\/siegfried-fahl.de\/wp-content\/uploads\/2021\/09\/sigi-anzeige.jpg\" alt=\"Ich bin so gern gewesen in Feldern, Wald und Flur, nun bin ich heimgegangen zum Sch\u00f6pfer der Natur Siegfried Fahl 12.06.1957 \u2020 03.09.2021 Wir werden Dich sehr vermissen: Deine Mutter Margarete und Manfred Burkhard und Renate Wolfgang und Maria Elke und Peter Martin und Sandra Wenn die Liebe einen Weg zum Himmel f\u00e4nde und Erinnerungen zu Stufen w\u00fcrden, dann w\u00fcrden wir hinaufsteigen und Dich zur\u00fcckholen, denn die L\u00fccke, die Du hinterl\u00e4sst, kann niemand schlie\u00dfen! Unsere Tr\u00e4nen begleiten Dich auf Deiner letzten Reise \u2026 Wir geleiten unseren lieben Verstorbenen am Dienstag, den 14.09.2021 um 14:00 Uhr auf dem Friedhof in M\u00fcnster-Nienberge, Am Braaken, 48161 M\u00fcnster zur letzten Ruhest\u00e4tte. Anschlie\u00dfend ist das Seelenamt in der Pfarrkirche St. Sebastian in Nienberge. Falls jemand aus Versehen keine besondere Anzeige erhalten hat, bitten wir, diese als solche anzusehen. Beachten Sie bitte die 3-G-Regeln.\" class=\"wp-image-180\" srcset=\"https:\/\/siegfried-fahl.de\/wp-content\/uploads\/2021\/09\/sigi-anzeige.jpg 925w, https:\/\/siegfried-fahl.de\/wp-content\/uploads\/2021\/09\/sigi-anzeige-300x284.jpg 300w, https:\/\/siegfried-fahl.de\/wp-content\/uploads\/2021\/09\/sigi-anzeige-768x726.jpg 768w\" sizes=\"(max-width: 925px) 100vw, 925px\" \/><figcaption><span class=\"has-inline-color has-background-color\"><\/span><br><\/figcaption><\/figure>\n","protected":false},"excerpt":{"rendered":"<p>*Nienberge 12.06.1957\u271dD\u00fcren 03.09.2021<\/p>\n","protected":false},"author":2,"featured_media":0,"parent":0,"menu_order":0,"comment_status":"closed","ping_status":"closed","template":"","meta":[],"_links":{"self":[{"href":"https:\/\/siegfried-fahl.de\/index.php\/wp-json\/wp\/v2\/pages\/163"}],"collection":[{"href":"https:\/\/siegfried-fahl.de\/index.php\/wp-json\/wp\/v2\/pages"}],"about":[{"href":"https:\/\/siegfried-fahl.de\/index.php\/wp-json\/wp\/v2\/types\/page"}],"author":[{"embeddable":true,"href":"https:\/\/siegfried-fahl.de\/index.php\/wp-json\/wp\/v2\/users\/2"}],"replies":[{"embeddable":true,"href":"https:\/\/siegfried-fahl.de\/index.php\/wp-json\/wp\/v2\/comments?post=163"}],"version-history":[{"count":10,"href":"https:\/\/siegfried-fahl.de\/index.php\/wp-json\/wp\/v2\/pages\/163\/revisions"}],"predecessor-version":[{"id":189,"href":"https:\/\/siegfried-fahl.de\/index.php\/wp-json\/wp\/v2\/pages\/163\/revisions\/189"}],"wp:attachment":[{"href":"https:\/\/siegfried-fahl.de\/index.php\/wp-json\/wp\/v2\/media?parent=163"}],"curies":[{"name":"wp","href":"https:\/\/api.w.org\/{rel}","templated":true}]}}